{"id":3165,"date":"2026-04-06T22:22:03","date_gmt":"2026-04-06T22:22:03","guid":{"rendered":"https:\/\/witzyfun.com\/?page_id=3165"},"modified":"2026-04-06T22:22:04","modified_gmt":"2026-04-06T22:22:04","slug":"mentions-legales","status":"publish","type":"page","link":"https:\/\/witzyfun.com\/fr\/mentions-legales\/","title":{"rendered":"Mentions L\u00e9gales"},"content":{"rendered":"<p>Mentions L\u00e9gales \/ Legal Notice<br>Conform\u00e9ment aux dispositions des Articles 6-III et 19 de la Loi n\u00b02004-575 du 21 juin 2004 pour la Confiance dans l\u2019\u00e9conomie num\u00e9rique (L.C.E.N.), il est port\u00e9 \u00e0 la connaissance des utilisateurs et visiteurs du site https:\/\/witzyfun.com\/ les pr\u00e9sentes mentions l\u00e9gales.<\/p>\n\n\n\n<p>In accordance with the provisions of Articles 6-III and 19 of Law No. 2004-575 of June 21, 2004 for Confidence in the Digital Economy (L.C.E.N.), users and visitors of the site https:\/\/witzyfun.com\/ are informed of the following legal notices.<\/p>\n\n\n\n<ol class=\"wp-block-list\">\n<li>\u00c9diteur du site \/ Site Publisher<br>Le site internet WitzyFun est \u00e9dit\u00e9 par :<\/li>\n<\/ol>\n\n\n\n<p>Nom \/ Pr\u00e9nom (Name):Hatice Horozoglu<\/p>\n\n\n\n<p>Statut juridique (Legal Status): Entrepreneur Individuel \/ Auto-entrepreneur<\/p>\n\n\n\n<p>Si\u00e8ge social (Registered Office): 65 avenue Raoul Dufy, 06200 Nice, France<\/p>\n\n\n\n<p>Num\u00e9ro SIRET (SIRET Number): 990 761 546 00011<\/p>\n\n\n\n<p>Adresse e-mail (Email): witzyfun@gmail.com<\/p>\n\n\n\n<p>Directeur de la publication (Head of Publication): Hatice Horozoglu<\/p>\n\n\n\n<ol start=\"2\" class=\"wp-block-list\">\n<li>H\u00e9bergeur du site \/ Hosting Provider<br>Le site est h\u00e9berg\u00e9 par : <\/li>\n<\/ol>\n\n\n\n<p>Nom de l\u2019h\u00e9bergeur : Hostinger International Ltd.<\/p>\n\n\n\n<p>Adresse de l\u2019h\u00e9bergeur : 61 Lordou Vironos Street, 6023 Larnaca, Chypre (Cyprus).<\/p>\n\n\n\n<p>Site internet : www.hostinger.fr<\/p>\n\n\n\n<ol start=\"3\" class=\"wp-block-list\">\n<li>Propri\u00e9t\u00e9 intellectuelle \/ Intellectual Property<br>FR: L&#8217;ensemble du contenu de ce site (textes, photographies, designs originaux de dioramas, logos) est la propri\u00e9t\u00e9 exclusive de WitzyFun. Toute reproduction ou repr\u00e9sentation, totale ou partielle, de ce site par quelque proc\u00e9d\u00e9 que ce soit, sans l&#8217;autorisation expresse de l&#8217;\u00e9diteur, est interdite et constituerait une contrefa\u00e7on sanctionn\u00e9e par les articles L 335-2 et suivants du Code de la propri\u00e9t\u00e9 intellectuelle.<\/li>\n<\/ol>\n\n\n\n<p>EN: All content on this site (texts, photographs, original diorama designs, logos) is the exclusive property of WitzyFun. Any reproduction or representation, in whole or in part, of this site by any process whatsoever, without the express permission of the publisher, is prohibited and would constitute an infringement punishable by articles L 335-2 and following of the Intellectual Property Code.<\/p>\n\n\n\n<ol start=\"4\" class=\"wp-block-list\">\n<li>Donn\u00e9es personnelles \/ Personal Data<br>FR: Conform\u00e9ment au R\u00e8glement G\u00e9n\u00e9ral sur la Protection des Donn\u00e9es (RGPD), vous disposez d&#8217;un droit d&#8217;acc\u00e8s, de rectification, d&#8217;opposition et de suppression des donn\u00e9es vous concernant. Pour exercer ce droit, contactez-nous par e-mail.<\/li>\n<\/ol>\n\n\n\n<p>EN: In accordance with the General Data Protection Regulation (GDPR), you have the right to access, rectify, oppose, and delete data concerning you. To exercise this right, please contact us via email.<\/p>\n\n\n\n<ol start=\"5\" class=\"wp-block-list\">\n<li>Cookies<br>FR: Le site peut collecter des informations de mani\u00e8re automatique par l&#8217;utilisation de cookies pour am\u00e9liorer votre exp\u00e9rience de navigation. Vous pouvez d\u00e9sactiver les cookies via les param\u00e8tres de votre navigateur.<\/li>\n<\/ol>\n\n\n\n<p>EN: The site may automatically collect information through the use of cookies to improve your browsing experience. You can disable cookies through your browser settings.<\/p>\n\n\n\n<ol start=\"6\" class=\"wp-block-list\">\n<li>Loi applicable et juridiction \/ Governing Law<br>FR: Les pr\u00e9sentes Mentions L\u00e9gales sont r\u00e9gies par la loi fran\u00e7aise. En cas de litige, et \u00e0 d\u00e9faut d&#8217;accord amiable, les tribunaux de Nice seront seuls comp\u00e9tents.<\/li>\n<\/ol>\n\n\n\n<p>EN: These Legal Notices are governed by French law. In the event of a dispute, and in the absence of an amicable agreement, the courts of Nice shall have exclusive jurisdiction.<\/p>","protected":false},"excerpt":{"rendered":"<p>Mentions L\u00e9gales \/ Legal NoticeConform\u00e9ment aux dispositions des Articles 6-III et 19 de la Loi n\u00b02004-575 du 21 juin 2004 pour la Confiance dans l\u2019\u00e9conomie num\u00e9rique (L.C.E.N.), il est port\u00e9 \u00e0 la connaissance des utilisateurs et visiteurs du site https:\/\/witzyfun.com\/ les pr\u00e9sentes mentions l\u00e9gales. In accordance with the provisions of Articles 6-III and 19 of [&hellip;]<\/p>\n","protected":false},"author":1,"featured_media":0,"parent":0,"menu_order":0,"comment_status":"closed","ping_status":"closed","template":"","meta":{"footnotes":""},"class_list":["post-3165","page","type-page","status-publish","hentry"],"aioseo_notices":[],"jetpack-related-posts":[{"id":3134,"url":"https:\/\/witzyfun.com\/fr\/privacy-policy\/","url_meta":{"origin":3165,"position":0},"title":"Privacy Policy","author":"WitzyFun","date":"mars 30, 2026","format":false,"excerpt":"Last updated: 30.03.2026 This Privacy Policy describes how WitzyFun (\"we\", \"us\", or \"our\") collects, uses, and protects your personal information when you visit or make a purchase from Witzyfun.com Information We CollectWe may collect the following types of personal information: Name Billing and shipping address Payment information (processed securely via\u2026","rel":"","context":"Article similaire","block_context":{"text":"Article similaire","link":""},"img":{"alt_text":"","src":"","width":0,"height":0},"classes":[]},{"id":3157,"url":"https:\/\/witzyfun.com\/fr\/privacy-policy-2\/","url_meta":{"origin":3165,"position":1},"title":"Privacy Policy","author":"WitzyFun","date":"avril 6, 2026","format":false,"excerpt":"This Privacy Policy describes how WitzyFun collects, uses, and shares information when you purchase an item from us, contact us, or otherwise use our services through our website. Information We Collect:To fulfill your order, you must provide us with certain information, such as your name, email address, postal address, and\u2026","rel":"","context":"Article similaire","block_context":{"text":"Article similaire","link":""},"img":{"alt_text":"","src":"","width":0,"height":0},"classes":[]},{"id":3233,"url":"https:\/\/witzyfun.com\/fr\/terms-and-conditions\/","url_meta":{"origin":3165,"position":2},"title":"Terms and Conditions","author":"WitzyFun","date":"avril 7, 2026","format":false,"excerpt":"Welcome to our website. If you continue to browse and use this website, you are agreeing to comply with and be bound by the following terms and conditions of use. Use License Permission is granted to temporarily download one copy of the materials (information or software) on our website for\u2026","rel":"","context":"Article similaire","block_context":{"text":"Article similaire","link":""},"img":{"alt_text":"","src":"","width":0,"height":0},"classes":[]}],"jetpack_sharing_enabled":true,"jetpack_likes_enabled":true,"_links":{"self":[{"href":"https:\/\/witzyfun.com\/fr\/wp-json\/wp\/v2\/pages\/3165","targetHints":{"allow":["GET"]}}],"collection":[{"href":"https:\/\/witzyfun.com\/fr\/wp-json\/wp\/v2\/pages"}],"about":[{"href":"https:\/\/witzyfun.com\/fr\/wp-json\/wp\/v2\/types\/page"}],"author":[{"embeddable":true,"href":"https:\/\/witzyfun.com\/fr\/wp-json\/wp\/v2\/users\/1"}],"replies":[{"embeddable":true,"href":"https:\/\/witzyfun.com\/fr\/wp-json\/wp\/v2\/comments?post=3165"}],"version-history":[{"count":1,"href":"https:\/\/witzyfun.com\/fr\/wp-json\/wp\/v2\/pages\/3165\/revisions"}],"predecessor-version":[{"id":3166,"href":"https:\/\/witzyfun.com\/fr\/wp-json\/wp\/v2\/pages\/3165\/revisions\/3166"}],"wp:attachment":[{"href":"https:\/\/witzyfun.com\/fr\/wp-json\/wp\/v2\/media?parent=3165"}],"curies":[{"name":"wp","href":"https:\/\/api.w.org\/{rel}","templated":true}]}}